{"id":74,"date":"2023-10-11T22:40:25","date_gmt":"2023-10-11T20:40:25","guid":{"rendered":"https:\/\/cedron.zamlub.pl\/?page_id=74"},"modified":"2023-10-11T22:44:42","modified_gmt":"2023-10-11T20:44:42","slug":"start","status":"publish","type":"page","link":"https:\/\/cedron.zamlub.pl\/","title":{"rendered":"Nasze g\u0142\u00f3wne zadania"},"content":{"rendered":"\n<h1 class=\"wp-block-heading\"><\/h1>\n\n\n\n<ol class=\"wp-block-list\" id=\"block-2162f0b5-4805-484a-ba49-da344da01967\">\n<li>Wszechstronny i mo\u017cliwie najpe\u0142niejszy rozw\u00f3j cz\u0142onk\u00f3w stowarzyszenia<\/li>\n\n\n\n<li>Wspieranie osobistej przemiany \u017cycia jego cz\u0142onk\u00f3w ku dojrza\u0142o\u015bci chrze\u015bcija\u0144skiej na drodze realizacji praktyk \u017cycia duchowego zawartych w programie formacyjnym ruchu \u015bwiat\u0142o-\u017cycie<\/li>\n\n\n\n<li>Umacnianie jedno\u015bci ma\u0142\u017ce\u0144skiej i odnowie katechumenatu rodzinnego<\/li>\n\n\n\n<li>Pos\u0142uga na rzecz ewangelizacji i katechumenat<\/li>\n\n\n\n<li>Formacja liturgiczna wiernych<\/li>\n\n\n\n<li>Aktywne uczestnictwo cz\u0142onk\u00f3w stowarzyszenia w \u017cyciu spo\u0142eczno- gospodarczym, kulturalnym i politycznym<\/li>\n\n\n\n<li>Organizowanie i prowadzenie oaz rekolekcyjnych oraz innych rekolekcji, oboz\u00f3w i spotka\u0144 formacyjno-modlitewnych<\/li>\n\n\n\n<li>Udzia\u0142 w \u017cyciu i rozwoju wsp\u00f3lnot lokalnych &#8211; parafii<\/li>\n\n\n\n<li>Dzia\u0142alno\u015b\u0107 dobroczynna na rzecz dzieci i m\u0142odzie\u017cy z rodzin ubogich i patologicznych<\/li>\n\n\n\n<li>Dzia\u0142alno\u015b\u0107 w zakresie kultury fizycznej i sportu w\u015br\u00f3d dzieci i m\u0142odzie\u017cy<\/li>\n\n\n\n<li>Dzia\u0142alno\u015b\u0107 profilaktyczna w\u015br\u00f3d dzieci i m\u0142odzie\u017cy i os\u00f3b doros\u0142ych chroni\u0105ca przed uzale\u017cnieniem od narkotyk\u00f3w, alkoholu, nikotyny i innych rodzaju u\u017cywek<\/li>\n\n\n\n<li>Dzia\u0142alno\u015b\u0107 terapeutyczna os\u00f3b uzale\u017cnionych i wsp\u00f3\u0142uzale\u017cnionych<\/li>\n\n\n\n<li>Edukacja spo\u0142eczno-zawodowa<\/li>\n\n\n\n<li>Podtrzymywanie tradycji narodowej i kulturowej<\/li>\n\n\n\n<li>Promocja i profilaktyka zdrowia<\/li>\n\n\n\n<li>Promocja i organizacja wolontariatu<\/li>\n\n\n\n<li>Budowa lub rozbudowa obiekt\u00f3w i wyposa\u017cenie plac\u00f3wek opieku\u0144czo- wychowawczych i resocjalizacyjnych<\/li>\n\n\n\n<li>Szkolenie nieetatowych kadr stowarzysze\u0144, pe\u0142ni\u0105cych funkcje wychowawcze<\/li>\n\n\n\n<li>Poznawanie przyrody i zagadnie\u0144 ekologicznych<\/li>\n\n\n\n<li>Dzia\u0142alno\u015b\u0107 na rzecz os\u00f3b niepe\u0142nosprawnych<\/li>\n\n\n\n<li>Pomoc osobom poszkodowanym w wypadkach drogowych i ich rodzinom<\/li>\n\n\n\n<li>Integrowanie \u015brodowisk chrze\u015bcija\u0144skich<\/li>\n<\/ol>\n","protected":false},"excerpt":{"rendered":"","protected":false},"author":1,"featured_media":0,"parent":0,"menu_order":0,"comment_status":"closed","ping_status":"closed","template":"","meta":{"_editorskit_title_hidden":false,"_editorskit_reading_time":0,"_editorskit_is_block_options_detached":false,"_editorskit_block_options_position":"{}","footnotes":""},"class_list":["post-74","page","type-page","status-publish","hentry"],"_links":{"self":[{"href":"https:\/\/cedron.zamlub.pl\/index.php\/wp-json\/wp\/v2\/pages\/74","targetHints":{"allow":["GET"]}}],"collection":[{"href":"https:\/\/cedron.zamlub.pl\/index.php\/wp-json\/wp\/v2\/pages"}],"about":[{"href":"https:\/\/cedron.zamlub.pl\/index.php\/wp-json\/wp\/v2\/types\/page"}],"author":[{"embeddable":true,"href":"https:\/\/cedron.zamlub.pl\/index.php\/wp-json\/wp\/v2\/users\/1"}],"replies":[{"embeddable":true,"href":"https:\/\/cedron.zamlub.pl\/index.php\/wp-json\/wp\/v2\/comments?post=74"}],"version-history":[{"count":3,"href":"https:\/\/cedron.zamlub.pl\/index.php\/wp-json\/wp\/v2\/pages\/74\/revisions"}],"predecessor-version":[{"id":77,"href":"https:\/\/cedron.zamlub.pl\/index.php\/wp-json\/wp\/v2\/pages\/74\/revisions\/77"}],"wp:attachment":[{"href":"https:\/\/cedron.zamlub.pl\/index.php\/wp-json\/wp\/v2\/media?parent=74"}],"curies":[{"name":"wp","href":"https:\/\/api.w.org\/{rel}","templated":true}]}}